{"id":740,"date":"2022-01-18T16:23:53","date_gmt":"2022-01-18T15:23:53","guid":{"rendered":"https:\/\/lesateliersbellavance.com\/accueil\/"},"modified":"2026-01-05T16:32:17","modified_gmt":"2026-01-05T21:32:17","slug":"accueil","status":"publish","type":"page","link":"https:\/\/lesateliersbellavance.com\/en\/","title":{"rendered":"Home page"},"content":{"rendered":"<div class=\"wpb-content-wrapper\"><p>[vc_row css_animation=&#8221;&#8221; row_type=&#8221;row&#8221; use_row_as_full_screen_section=&#8221;no&#8221; type=&#8221;full_width&#8221; angled_section=&#8221;no&#8221; text_align=&#8221;left&#8221; background_image_as_pattern=&#8221;without_pattern&#8221; css=&#8221;.vc_custom_1643302348651{margin-bottom: 35px !important;}&#8221; z_index=&#8221;&#8221;][vc_column]\n\t\t\t<!-- START TypoBellavance REVOLUTION SLIDER 6.7.38 --><p class=\"rs-p-wp-fix\"><\/p>\n\t\t\t<rs-module-wrap id=\"rev_slider_2_1_wrapper\" data-source=\"gallery\" style=\"visibility:hidden;background:#ffffff;padding:0;margin:0px auto;margin-top:0;margin-bottom:0;\">\n\t\t\t\t<rs-module id=\"rev_slider_2_1\" style=\"\" data-version=\"6.7.38\">\n\t\t\t\t\t<rs-slides style=\"overflow: hidden; position: absolute;\">\n\t\t\t\t\t\t<rs-slide style=\"position: absolute;\" data-key=\"rs-4\" data-title=\"Slide\" data-anim=\"adpr:false;ms:2020;\" data-in=\"o:0;\" data-out=\"a:false;\">\n\t\t\t\t\t\t\t<img decoding=\"async\" src=\"\/\/lesateliersbellavance.com\/wp-content\/plugins\/revslider\/sr6\/assets\/assets\/dummy.png\" alt=\"Slide\" title=\"Home page\" class=\"rev-slidebg tp-rs-img rs-lazyload\" data-lazyload=\"\/\/lesateliersbellavance.com\/wp-content\/plugins\/revslider\/sr6\/assets\/assets\/transparent.png\" data-no-retina>\n<!--\n\t\t\t\t\t\t\t--><rs-layer\n\t\t\t\t\t\t\t\tid=\"slider-2-slide-4-layer-0\" \n\t\t\t\t\t\t\t\tdata-type=\"text\"\n\t\t\t\t\t\t\t\tdata-color=\"#2b0c36\"\n\t\t\t\t\t\t\t\tdata-tsh=\"c:rgba(0,0,0,0.3);h:6px,4px,3px,1px;v:6px,4px,3px,1px;b:6px,4px,3px,1px;\"\n\t\t\t\t\t\t\t\tdata-rsp_ch=\"on\"\n\t\t\t\t\t\t\t\tdata-xy=\"x:c;y:m;\"\n\t\t\t\t\t\t\t\tdata-text=\"w:nowrap;s:150,123,93,57;l:204,168,127,78;\"\n\t\t\t\t\t\t\t\tdata-dim=\"w:906,748,568,350;\"\n\t\t\t\t\t\t\t\tdata-vbility=\"t,f,f,f\"\n\t\t\t\t\t\t\t\tdata-sba=\"t:true;\"\n\t\t\t\t\t\t\t\tdata-layeronlimit=\"on\"\n\t\t\t\t\t\t\t\tdata-frame_0=\"o:1;\"\n\t\t\t\t\t\t\t\tdata-frame_0_chars=\"d:5;sX:3;sY:3;\"\n\t\t\t\t\t\t\t\tdata-frame_1=\"e:power1.inOut;st:240;sp:2500;sR:240;\"\n\t\t\t\t\t\t\t\tdata-frame_1_chars=\"d:25;\"\n\t\t\t\t\t\t\t\tdata-frame_999=\"o:0;st:w;sR:40;\"\n\t\t\t\t\t\t\t\tstyle=\"z-index:9;font-family:'Open Sans';\"\n\t\t\t\t\t\t\t>BELLAVANCE \n\t\t\t\t\t\t\t<\/rs-layer><!--\n\n\t\t\t\t\t\t\t--><rs-layer\n\t\t\t\t\t\t\t\tid=\"slider-2-slide-4-layer-2\" \n\t\t\t\t\t\t\t\tdata-type=\"text\"\n\t\t\t\t\t\t\t\tdata-color=\"#2b0c36\"\n\t\t\t\t\t\t\t\tdata-tsh=\"c:rgba(0,0,0,0.3);h:6px,4px,3px,1px;v:6px,4px,3px,1px;b:6px,4px,3px,1px;\"\n\t\t\t\t\t\t\t\tdata-rsp_ch=\"on\"\n\t\t\t\t\t\t\t\tdata-xy=\"x:c;y:m;\"\n\t\t\t\t\t\t\t\tdata-text=\"w:nowrap;s:150,123,93,57;l:204,168,127,78;\"\n\t\t\t\t\t\t\t\tdata-dim=\"w:906,748,568,350;\"\n\t\t\t\t\t\t\t\tdata-vbility=\"f,t,t,t\"\n\t\t\t\t\t\t\t\tdata-sba=\"t:false;\"\n\t\t\t\t\t\t\t\tdata-frame_0_chars=\"d:5;sX:3;sY:3;\"\n\t\t\t\t\t\t\t\tdata-frame_1=\"st:240;sp:1000;sR:240;\"\n\t\t\t\t\t\t\t\tdata-frame_1_chars=\"e:power3.inOut;d:12;\"\n\t\t\t\t\t\t\t\tdata-frame_999=\"o:0;st:w;sR:5760;\"\n\t\t\t\t\t\t\t\tstyle=\"z-index:8;font-family:'Open Sans';\"\n\t\t\t\t\t\t\t>BELLAVANCE \n\t\t\t\t\t\t\t<\/rs-layer><!--\n-->\t\t\t\t\t<\/rs-slide>\n\t\t\t\t\t<\/rs-slides>\n\t\t\t\t<\/rs-module>\n\t\t\t\t<script>\n\t\t\t\t\tsetREVStartSize({c: 'rev_slider_2_1',rl:[1240,1024,778,480],el:[406,326,287,167],gw:[1240,1024,778,480],gh:[406,326,286,166],type:'standard',justify:'',layout:'fullwidth',mh:\"0\"});if (window.RS_MODULES!==undefined && window.RS_MODULES.modules!==undefined && window.RS_MODULES.modules[\"revslider21\"]!==undefined) {window.RS_MODULES.modules[\"revslider21\"].once = false;window.revapi2 = undefined;if (window.RS_MODULES.checkMinimal!==undefined) window.RS_MODULES.checkMinimal()}\n\t\t\t\t<\/script>\n\t\t\t<\/rs-module-wrap>\n\t\t\t<!-- END REVOLUTION SLIDER -->\n[\/vc_column][\/vc_row][vc_row css_animation=&#8221;&#8221; row_type=&#8221;row&#8221; use_row_as_full_screen_section=&#8221;no&#8221; type=&#8221;grid&#8221; angled_section=&#8221;no&#8221; text_align=&#8221;left&#8221; background_image_as_pattern=&#8221;without_pattern&#8221; z_index=&#8221;&#8221; el_class=&#8221;vc_row-o-equal-height vc_row-o-content-middle vc_row-flex&#8221;][vc_column width=&#8221;1\/6&#8243; offset=&#8221;vc_col-sm-offset-1 vc_col-xs-offset-2 vc_col-xs-4&#8243;][vc_single_image image=&#8221;744&#8243; img_size=&#8221;full&#8221; qode_css_animation=&#8221;&#8221;][\/vc_column][vc_column width=&#8221;1\/6&#8243; offset=&#8221;vc_col-xs-4&#8243;][vc_single_image image=&#8221;745&#8243; img_size=&#8221;full&#8221; qode_css_animation=&#8221;&#8221;][\/vc_column][vc_column width=&#8221;5\/12&#8243; offset=&#8221;vc_col-sm-offset-1&#8243;][vc_column_text]<\/p>\n<p style=\"text-align: center; color: #000000; font-family: 'Parisienne', sans-serif; font-size: 30px; line-height: 35px; font-style: normal; font-weight: 400; letter-spacing: 0px; text-transform: none; margin: 0 !important;\">Organ Builders<\/p>\n<p>[\/vc_column_text][vc_column_text]<\/p>\n<h2 style=\"text-align: center;\">PASSIONATE ARTISANS<\/h2>\n<p>[\/vc_column_text][vc_column_text]<\/p>\n<p style=\"text-align: center;\">Experience, quality, passion and respect for the art. Composed of devoted organ and harpsichord builders, our workshop is dedicated to providing fine instruments of distinction.<\/p>\n<p>[\/vc_column_text][\/vc_column][\/vc_row][vc_row css_animation=&#8221;&#8221; row_type=&#8221;row&#8221; use_row_as_full_screen_section=&#8221;no&#8221; type=&#8221;grid&#8221; angled_section=&#8221;no&#8221; text_align=&#8221;left&#8221; background_image_as_pattern=&#8221;without_pattern&#8221; z_index=&#8221;&#8221; background_image=&#8221;133&#8243; css=&#8221;.vc_custom_1643144638715{margin-top: 35px !important;margin-bottom: 35px !important;padding-top: 147px !important;padding-bottom: 147px !important;}&#8221;][vc_column width=&#8221;5\/12&#8243; offset=&#8221;vc_col-sm-offset-1&#8243;]<div class=\"custom_font_holder \" style=\"font-family: &#039;Open Sans&#039;, sans-serif; font-style: italic; font-weight: 400; color: #ffffff; text-decoration: none; margin: 0 0 35px 0; text-align: left; --qode-cf-font-size: 24px; --qode-cf-line-height: 30px; --qode-cf-font-size-1440: 24px; --qode-cf-line-height-1440: 30px; --qode-cf-font-size-1366: 24px; --qode-cf-line-height-1366: 30px; --qode-cf-font-size-1280: 24px; --qode-cf-line-height-1280: 30px; --qode-cf-font-size-1024: 24px; --qode-cf-line-height-1024: 30px; --qode-cf-font-size-768: 24px; --qode-cf-line-height-768: 30px; --qode-cf-font-size-680: 24px; --qode-cf-line-height-680: 30px; --qode-cf-font-size-480: 24px; --qode-cf-line-height-480: 30px;\">Every art has its fundamental principles and every artist must know them.<\/div><div class=\"custom_font_holder \" style=\"font-family: &#039;Open Sans&#039;, sans-serif; font-style: normal; font-weight: 400; color: #ffffff; text-decoration: none; margin: 0 0 35px 0; text-align: left; --qode-cf-font-size: 24px; --qode-cf-line-height: 30px; --qode-cf-font-size-1440: 24px; --qode-cf-line-height-1440: 30px; --qode-cf-font-size-1366: 24px; --qode-cf-line-height-1366: 30px; --qode-cf-font-size-1280: 24px; --qode-cf-line-height-1280: 30px; --qode-cf-font-size-1024: 24px; --qode-cf-line-height-1024: 30px; --qode-cf-font-size-768: 24px; --qode-cf-line-height-768: 30px; --qode-cf-font-size-680: 24px; --qode-cf-line-height-680: 30px; --qode-cf-font-size-480: 24px; --qode-cf-line-height-480: 30px;\">Dom Bedos De Celles<\/div>[\/vc_column][\/vc_row][vc_row css_animation=&#8221;&#8221; row_type=&#8221;row&#8221; use_row_as_full_screen_section=&#8221;no&#8221; type=&#8221;grid&#8221; angled_section=&#8221;no&#8221; text_align=&#8221;left&#8221; background_image_as_pattern=&#8221;without_pattern&#8221; z_index=&#8221;&#8221; css=&#8221;.vc_custom_1643830274938{margin-top: 35px !important;}&#8221; el_class=&#8221;vc_row-o-equal-height vc_row-o-content-middle vc_row-flex&#8221;][vc_column width=&#8221;5\/12&#8243; offset=&#8221;vc_col-sm-offset-1&#8243;][vc_column_text]<\/p>\n<p style=\"text-align: center; color: #000000; font-family: 'Parisienne', sans-serif; font-size: 30px; line-height: 35px; font-style: normal; font-weight: 400; letter-spacing: 0px; text-transform: none; margin: 0 !important;\">Jean-F\u00e9lix<\/p>\n<p>[\/vc_column_text][vc_column_text]<\/p>\n<h2 style=\"text-align: center;\">Bellavance<\/h2>\n<p>[\/vc_column_text][vc_column_text]<\/p>\n<p style=\"text-align: center;\">Experience, quality, passion and respect for the art. Composed of devoted organ\u00a0builders, our workshop is dedicated to providing fine instruments of distinction<\/p>\n<p>[\/vc_column_text][\/vc_column][vc_column width=&#8221;5\/12&#8243;][vc_single_image image=&#8221;743&#8243; img_size=&#8221;full&#8221; qode_css_animation=&#8221;&#8221;][\/vc_column][\/vc_row][vc_row css_animation=&#8221;&#8221; row_type=&#8221;row&#8221; use_row_as_full_screen_section=&#8221;no&#8221; type=&#8221;full_width&#8221; angled_section=&#8221;no&#8221; text_align=&#8221;left&#8221; background_image_as_pattern=&#8221;without_pattern&#8221; z_index=&#8221;&#8221; background_color=&#8221;#7b045f&#8221;][vc_column][vc_row_inner row_type=&#8221;row&#8221; type=&#8221;grid&#8221; text_align=&#8221;left&#8221; css_animation=&#8221;&#8221;][vc_column_inner]<div class=\"custom_font_holder \" style=\"font-family: &#039;Open Sans&#039;, sans-serif; font-style: normal; font-weight: 400; color: #ffffff; text-decoration: none; margin: 50px 0 20px 0; text-align: center; --qode-cf-font-size: 20px; --qode-cf-line-height: 22px; --qode-cf-font-size-1440: 20px; --qode-cf-line-height-1440: 22px; --qode-cf-font-size-1366: 20px; --qode-cf-line-height-1366: 22px; --qode-cf-font-size-1280: 20px; --qode-cf-line-height-1280: 22px; --qode-cf-font-size-1024: 20px; --qode-cf-line-height-1024: 22px; --qode-cf-font-size-768: 20px; --qode-cf-line-height-768: 22px; --qode-cf-font-size-680: 20px; --qode-cf-line-height-680: 22px; --qode-cf-font-size-480: 20px; --qode-cf-line-height-480: 22px;\">OUR LATEST ACHIEVEMENTS<\/div><div class='projects_holder_outer v4 portfolio_with_space portfolio_standard'>\n        <div class='projects_holder portfolio_main_holder clearfix v4 standard portfolio_landscape_image '>\n        \n        <article class='mix portfolio_category_17 default' style=''>\n    \n    \n    \n                <div class='image_holder'>\n                <a itemprop='url' class='portfolio_link_for_touch' href='https:\/\/lesateliersbellavance.com\/en\/realisation\/basilique-cathdrale-ste-ccile-valleyfield\/' target='_self'>\n                    \n<span class='image'><img loading=\"lazy\" decoding=\"async\" width=\"800\" height=\"600\" src=\"https:\/\/lesateliersbellavance.com\/wp-content\/uploads\/2026\/03\/Photo_4-1-800x600.jpg\" class=\"attachment-portfolio-landscape size-portfolio-landscape wp-post-image\" alt=\"\" \/><\/span>                <\/a>\n\n                <span class='text_holder'>\n    <span class='text_outer'>\n        <span class='text_inner'>\n            <span class='feature_holder'>\n                            <span class=\"feature_holder_icons\">';\n                    \n                            <a itemprop='url' class='preview qbutton small white' href='https:\/\/lesateliersbellavance.com\/en\/realisation\/basilique-cathdrale-ste-ccile-valleyfield\/' target='_self'>view<\/i><\/a>\n    \n                                            <\/span>\n        <\/span>\n    <\/span>\n<\/span>            <\/div>\n                <div class='portfolio_description text_align_center' style=background-color:rgba(0,0,0,0.01);'>\n\n        \n    <h2 itemprop=\"name\" class=\"portfolio_title entry_title\"><a itemprop=\"url\" href=\"https:\/\/lesateliersbellavance.com\/en\/realisation\/basilique-cathdrale-ste-ccile-valleyfield\/\" style=\"color: #ffffff\" target=\"_self\"> Basilique-Cath\u00e9drale Ste C\u00e9cile, Valleyfield<\/a><\/h2>\n\n\n        \n        \n    <\/div>\n        \n<\/article>\n<article class='mix portfolio_category_16 default' style=''>\n    \n    \n    \n                <div class='image_holder'>\n                <a itemprop='url' class='portfolio_link_for_touch' href='https:\/\/lesateliersbellavance.com\/en\/realisation\/rsidence-de-la-salle-ste-dorothe-laval\/' target='_self'>\n                    \n<span class='image'><img loading=\"lazy\" decoding=\"async\" width=\"800\" height=\"600\" src=\"https:\/\/lesateliersbellavance.com\/wp-content\/uploads\/2026\/03\/Photo_1-800x600.jpg\" class=\"attachment-portfolio-landscape size-portfolio-landscape wp-post-image\" alt=\"\" srcset=\"https:\/\/lesateliersbellavance.com\/wp-content\/uploads\/2026\/03\/Photo_1-800x600.jpg 800w, https:\/\/lesateliersbellavance.com\/wp-content\/uploads\/2026\/03\/Photo_1-300x225.jpg 300w, https:\/\/lesateliersbellavance.com\/wp-content\/uploads\/2026\/03\/Photo_1-1024x768.jpg 1024w, https:\/\/lesateliersbellavance.com\/wp-content\/uploads\/2026\/03\/Photo_1-768x576.jpg 768w, https:\/\/lesateliersbellavance.com\/wp-content\/uploads\/2026\/03\/Photo_1-700x525.jpg 700w, https:\/\/lesateliersbellavance.com\/wp-content\/uploads\/2026\/03\/Photo_1.jpg 1080w\" sizes=\"auto, (max-width: 800px) 100vw, 800px\" \/><\/span>                <\/a>\n\n                <span class='text_holder'>\n    <span class='text_outer'>\n        <span class='text_inner'>\n            <span class='feature_holder'>\n                            <span class=\"feature_holder_icons\">';\n                    \n                            <a itemprop='url' class='preview qbutton small white' href='https:\/\/lesateliersbellavance.com\/en\/realisation\/rsidence-de-la-salle-ste-dorothe-laval\/' target='_self'>view<\/i><\/a>\n    \n                                            <\/span>\n        <\/span>\n    <\/span>\n<\/span>            <\/div>\n                <div class='portfolio_description text_align_center' style=background-color:rgba(0,0,0,0.01);'>\n\n        \n    <h2 itemprop=\"name\" class=\"portfolio_title entry_title\"><a itemprop=\"url\" href=\"https:\/\/lesateliersbellavance.com\/en\/realisation\/rsidence-de-la-salle-ste-dorothe-laval\/\" style=\"color: #ffffff\" target=\"_self\"> R\u00e9sidence de La Salle, Ste-doroth\u00e9e, Laval<\/a><\/h2>\n\n\n        \n        \n    <\/div>\n        \n<\/article>\n<article class='mix portfolio_category_16 default' style=''>\n    \n    \n    \n                <div class='image_holder'>\n                <a itemprop='url' class='portfolio_link_for_touch' href='https:\/\/lesateliersbellavance.com\/en\/realisation\/orgagnetto-benoit-marineau\/' target='_self'>\n                    \n<span class='image'><img loading=\"lazy\" decoding=\"async\" width=\"800\" height=\"600\" src=\"https:\/\/lesateliersbellavance.com\/wp-content\/uploads\/2026\/03\/Organette_Marineau-800x600.jpg\" class=\"attachment-portfolio-landscape size-portfolio-landscape wp-post-image\" alt=\"\" \/><\/span>                <\/a>\n\n                <span class='text_holder'>\n    <span class='text_outer'>\n        <span class='text_inner'>\n            <span class='feature_holder'>\n                            <span class=\"feature_holder_icons\">';\n                    \n                            <a itemprop='url' class='preview qbutton small white' href='https:\/\/lesateliersbellavance.com\/en\/realisation\/orgagnetto-benoit-marineau\/' target='_self'>view<\/i><\/a>\n    \n                                            <\/span>\n        <\/span>\n    <\/span>\n<\/span>            <\/div>\n                <div class='portfolio_description text_align_center' style=background-color:rgba(0,0,0,0.01);'>\n\n        \n    <h2 itemprop=\"name\" class=\"portfolio_title entry_title\"><a itemprop=\"url\" href=\"https:\/\/lesateliersbellavance.com\/en\/realisation\/orgagnetto-benoit-marineau\/\" style=\"color: #ffffff\" target=\"_self\"> Orgagnetto Benoit Marineau<\/a><\/h2>\n\n\n        \n        \n    <\/div>\n        \n<\/article>\n<article class='mix default' style=''>\n    \n    \n    \n                <div class='image_holder'>\n                <a itemprop='url' class='portfolio_link_for_touch' href='https:\/\/lesateliersbellavance.com\/en\/realisation\/clavecin-flamand-kit-zuckermann\/' target='_self'>\n                    \n<span class='image'><img loading=\"lazy\" decoding=\"async\" width=\"800\" height=\"600\" src=\"https:\/\/lesateliersbellavance.com\/wp-content\/uploads\/2023\/12\/Clavevin_restauration2020-800x600.jpg\" class=\"attachment-portfolio-landscape size-portfolio-landscape wp-post-image\" alt=\"\" \/><\/span>                <\/a>\n\n                <span class='text_holder'>\n    <span class='text_outer'>\n        <span class='text_inner'>\n            <span class='feature_holder'>\n                            <span class=\"feature_holder_icons\">';\n                    \n                            <a itemprop='url' class='preview qbutton small white' href='https:\/\/lesateliersbellavance.com\/en\/realisation\/clavecin-flamand-kit-zuckermann\/' target='_self'>view<\/i><\/a>\n    \n                                            <\/span>\n        <\/span>\n    <\/span>\n<\/span>            <\/div>\n                <div class='portfolio_description text_align_center' style=background-color:rgba(0,0,0,0.01);'>\n\n        \n    <h2 itemprop=\"name\" class=\"portfolio_title entry_title\"><a itemprop=\"url\" href=\"https:\/\/lesateliersbellavance.com\/en\/realisation\/clavecin-flamand-kit-zuckermann\/\" style=\"color: #ffffff\" target=\"_self\"> Clavecin Flamand, Kit Zuckermann<\/a><\/h2>\n\n\n        \n        \n    <\/div>\n        \n<\/article>\n        <div class='filler'><\/div>\n            <div class='filler'><\/div>\n            <div class='filler'><\/div>\n            <div class='filler'><\/div>\n        <\/div>\n\n    \n    <\/div>[\/vc_column_inner][\/vc_row_inner][\/vc_column][\/vc_row][vc_row css_animation=&#8221;&#8221; row_type=&#8221;row&#8221; use_row_as_full_screen_section=&#8221;no&#8221; type=&#8221;grid&#8221; angled_section=&#8221;no&#8221; text_align=&#8221;left&#8221; background_image_as_pattern=&#8221;without_pattern&#8221; z_index=&#8221;&#8221;][vc_column]<div class=\"custom_font_holder \" style=\"font-family: &#039;Open Sans&#039;, sans-serif; font-style: normal; font-weight: 400; color: #2b0c36; text-decoration: none; margin: 50px 0 20px 0; text-align: center; --qode-cf-font-size: 20px; --qode-cf-line-height: 22px; --qode-cf-font-size-1440: 20px; --qode-cf-line-height-1440: 22px; --qode-cf-font-size-1366: 20px; --qode-cf-line-height-1366: 22px; --qode-cf-font-size-1280: 20px; --qode-cf-line-height-1280: 22px; --qode-cf-font-size-1024: 20px; --qode-cf-line-height-1024: 22px; --qode-cf-font-size-768: 20px; --qode-cf-line-height-768: 22px; --qode-cf-font-size-680: 20px; --qode-cf-line-height-680: 22px; --qode-cf-font-size-480: 20px; --qode-cf-line-height-480: 22px;\">NEWS<\/div>\n<div class='latest_post_holder boxes three_columns one_row' >\n    <ul>\n    \n        <li class=\"clearfix\">\n            <div class=\"boxes_image\">\n                                <a itemprop=\"url\" href=\"https:\/\/lesateliersbellavance.com\/en\/2026\/03\/09\/travaux-en-cours-de-ralisations-aux-ateliers\/\"><img loading=\"lazy\" decoding=\"async\" width=\"539\" height=\"303\" src=\"https:\/\/lesateliersbellavance.com\/wp-content\/uploads\/2026\/03\/travaux-en-cours-de-realisations-539x303.jpg\" class=\"attachment-latest_post_boxes size-latest_post_boxes wp-post-image\" alt=\"\" \/><\/a>\n            <\/div>\n            <div class=\"latest_post\"  >\n                <div class=\"latest_post_text\">\n                    <div class=\"latest_post_inner\">\n                        <div class=\"latest_post_text_inner\">\n                            <h3 itemprop=\"name\" class=\"latest_post_title entry_title\"><a itemprop=\"url\" href=\"https:\/\/lesateliersbellavance.com\/en\/2026\/03\/09\/travaux-en-cours-de-ralisations-aux-ateliers\/\">Travaux en cours de r\u00e9alisations aux Ateliers<\/a><\/h3>\n                            <p class=\"excerpt\">Cath\u00e9drale St-Jean l'\u00c9vang\u00e9liste de St-Jean-sur-Richelieu. \u00c9glise Ste-Agn\u00e8s de Lac-M\u00e9gantic et \u00c9glise St-Martin, Laval...<\/p>\n                            <span class=\"post_infos\">\n                                                                                                \n                                \n                                                            <\/span>\n                        <\/div>\n                    <\/div>\n                <\/div>\n            <\/div>\n        <\/li>\n    \n        <li class=\"clearfix\">\n            <div class=\"boxes_image\">\n                                <a itemprop=\"url\" href=\"https:\/\/lesateliersbellavance.com\/en\/2026\/03\/09\/plus-dun-an-dj-pour-deux-nouveaux-instruments-bellavance\/\"><img loading=\"lazy\" decoding=\"async\" width=\"539\" height=\"303\" src=\"https:\/\/lesateliersbellavance.com\/wp-content\/uploads\/2026\/03\/plus-dun-an-deja-539x303.jpg\" class=\"attachment-latest_post_boxes size-latest_post_boxes wp-post-image\" alt=\"\" \/><\/a>\n            <\/div>\n            <div class=\"latest_post\"  >\n                <div class=\"latest_post_text\">\n                    <div class=\"latest_post_inner\">\n                        <div class=\"latest_post_text_inner\">\n                            <h3 itemprop=\"name\" class=\"latest_post_title entry_title\"><a itemprop=\"url\" href=\"https:\/\/lesateliersbellavance.com\/en\/2026\/03\/09\/plus-dun-an-dj-pour-deux-nouveaux-instruments-bellavance\/\">Plus d\u2019un an d\u00e9j\u00e0 pour deux nouveaux instruments Bellavance !<\/a><\/h3>\n                            <p class=\"excerpt\">Novembre dernier marquait deux anniversaires importants pour les Atelier : ceux des installations de nouveaux instruments. ...<\/p>\n                            <span class=\"post_infos\">\n                                                                                                \n                                \n                                                            <\/span>\n                        <\/div>\n                    <\/div>\n                <\/div>\n            <\/div>\n        <\/li>\n    \n        <li class=\"clearfix\">\n            <div class=\"boxes_image\">\n                                <a itemprop=\"url\" href=\"https:\/\/lesateliersbellavance.com\/en\/2024\/01\/17\/we-sell-a-flemish-harpsichord-and-a-positive-organ-whos-lucky\/\"><img loading=\"lazy\" decoding=\"async\" width=\"539\" height=\"303\" src=\"https:\/\/lesateliersbellavance.com\/wp-content\/uploads\/2024\/01\/nous_vendons_2024-539x303.png\" class=\"attachment-latest_post_boxes size-latest_post_boxes wp-post-image\" alt=\"\" \/><\/a>\n            <\/div>\n            <div class=\"latest_post\"  >\n                <div class=\"latest_post_text\">\n                    <div class=\"latest_post_inner\">\n                        <div class=\"latest_post_text_inner\">\n                            <h3 itemprop=\"name\" class=\"latest_post_title entry_title\"><a itemprop=\"url\" href=\"https:\/\/lesateliersbellavance.com\/en\/2024\/01\/17\/we-sell-a-flemish-harpsichord-and-a-positive-organ-whos-lucky\/\">We sell = a Flemish harpsichord and a positive organ, who&#8217;s lucky?<\/a><\/h3>\n                            <p class=\"excerpt\">We are adding two magnificent instruments to our inventory for sale; They will be perfect for your concerts, music schools, church or living rooms! ...<\/p>\n                            <span class=\"post_infos\">\n                                                                                                \n                                \n                                                            <\/span>\n                        <\/div>\n                    <\/div>\n                <\/div>\n            <\/div>\n        <\/li>\n        <\/ul>\n<\/div>[\/vc_column][\/vc_row]<\/p>\n<\/div>","protected":false},"excerpt":{"rendered":"<p>[vc_row css_animation=&#8221;&#8221; row_type=&#8221;row&#8221; use_row_as_full_screen_section=&#8221;no&#8221; type=&#8221;full_width&#8221; angled_section=&#8221;no&#8221; text_align=&#8221;left&#8221; background_image_as_pattern=&#8221;without_pattern&#8221; css=&#8221;.vc_custom_1643302348651{margin-bottom: 35px !important;}&#8221; z_index=&#8221;&#8221;][vc_column][\/vc_column][\/vc_row][vc_row css_animation=&#8221;&#8221; row_type=&#8221;row&#8221; use_row_as_full_screen_section=&#8221;no&#8221; type=&#8221;grid&#8221; angled_section=&#8221;no&#8221; text_align=&#8221;left&#8221; background_image_as_pattern=&#8221;without_pattern&#8221; z_index=&#8221;&#8221; el_class=&#8221;vc_row-o-equal-height vc_row-o-content-middle vc_row-flex&#8221;][vc_column width=&#8221;1\/6&#8243; offset=&#8221;vc_col-sm-offset-1 vc_col-xs-offset-2 vc_col-xs-4&#8243;][vc_single_image image=&#8221;744&#8243; img_size=&#8221;full&#8221; qode_css_animation=&#8221;&#8221;][\/vc_column][vc_column width=&#8221;1\/6&#8243; offset=&#8221;vc_col-xs-4&#8243;][vc_single_image image=&#8221;745&#8243; img_size=&#8221;full&#8221; qode_css_animation=&#8221;&#8221;][\/vc_column][vc_column width=&#8221;5\/12&#8243; offset=&#8221;vc_col-sm-offset-1&#8243;][vc_column_text] Organ Builders [\/vc_column_text][vc_column_text] PASSIONATE ARTISANS [\/vc_column_text][vc_column_text] Experience, quality,&#8230;<\/p>\n","protected":false},"author":1,"featured_media":0,"parent":0,"menu_order":0,"comment_status":"closed","ping_status":"closed","template":"full_width.php","meta":{"footnotes":""},"class_list":["post-740","page","type-page","status-publish","hentry"],"_links":{"self":[{"href":"https:\/\/lesateliersbellavance.com\/en\/wp-json\/wp\/v2\/pages\/740","targetHints":{"allow":["GET"]}}],"collection":[{"href":"https:\/\/lesateliersbellavance.com\/en\/wp-json\/wp\/v2\/pages"}],"about":[{"href":"https:\/\/lesateliersbellavance.com\/en\/wp-json\/wp\/v2\/types\/page"}],"author":[{"embeddable":true,"href":"https:\/\/lesateliersbellavance.com\/en\/wp-json\/wp\/v2\/users\/1"}],"replies":[{"embeddable":true,"href":"https:\/\/lesateliersbellavance.com\/en\/wp-json\/wp\/v2\/comments?post=740"}],"version-history":[{"count":0,"href":"https:\/\/lesateliersbellavance.com\/en\/wp-json\/wp\/v2\/pages\/740\/revisions"}],"wp:attachment":[{"href":"https:\/\/lesateliersbellavance.com\/en\/wp-json\/wp\/v2\/media?parent=740"}],"curies":[{"name":"wp","href":"https:\/\/api.w.org\/{rel}","templated":true}]}}